{"id":1713,"date":"2022-06-06T12:41:47","date_gmt":"2022-06-06T12:41:47","guid":{"rendered":"https:\/\/yesenburger.com\/kurumsal\/?page_id=1713"},"modified":"2024-07-31T09:51:19","modified_gmt":"2024-07-31T09:51:19","slug":"hakkimizda","status":"publish","type":"page","link":"https:\/\/yesenburger.com\/kurumsal\/hakkimizda\/","title":{"rendered":"Hakk\u0131m\u0131zda"},"content":{"rendered":"\t\t<div data-elementor-type=\"wp-page\" data-elementor-id=\"1713\" class=\"elementor elementor-1713\">\n\t\t\t\t\t\t\t\t\t<section class=\"elementor-section elementor-top-section elementor-element elementor-element-79690e2 elementor-section-boxed elementor-section-height-default elementor-section-height-default qodef-elementor-content-no\" data-id=\"79690e2\" data-element_type=\"section\">\n\t\t\t\t\t\t<div class=\"elementor-container elementor-column-gap-default\">\n\t\t\t\t\t<div class=\"elementor-column elementor-col-50 elementor-top-column elementor-element elementor-element-1bfbaf8\" data-id=\"1bfbaf8\" data-element_type=\"column\">\n\t\t\t<div class=\"elementor-widget-wrap elementor-element-populated\">\n\t\t\t\t\t\t\t\t<div class=\"elementor-element elementor-element-0b9e0bf elementor-widget elementor-widget-heading\" data-id=\"0b9e0bf\" data-element_type=\"widget\" data-widget_type=\"heading.default\">\n\t\t\t\t<div class=\"elementor-widget-container\">\n\t\t\t<style>\/*! elementor - v3.6.5 - 27-04-2022 *\/\n.elementor-heading-title{padding:0;margin:0;line-height:1}.elementor-widget-heading .elementor-heading-title[class*=elementor-size-]>a{color:inherit;font-size:inherit;line-height:inherit}.elementor-widget-heading .elementor-heading-title.elementor-size-small{font-size:15px}.elementor-widget-heading .elementor-heading-title.elementor-size-medium{font-size:19px}.elementor-widget-heading .elementor-heading-title.elementor-size-large{font-size:29px}.elementor-widget-heading .elementor-heading-title.elementor-size-xl{font-size:39px}.elementor-widget-heading .elementor-heading-title.elementor-size-xxl{font-size:59px}<\/style><h2 class=\"elementor-heading-title elementor-size-default\">T\u00fcrkiye'nin En Lezzetli Markas\u0131 !<\/h2>\t\t<\/div>\n\t\t\t\t<\/div>\n\t\t\t\t<div class=\"elementor-element elementor-element-d2dfa0b elementor-widget elementor-widget-text-editor\" data-id=\"d2dfa0b\" data-element_type=\"widget\" data-widget_type=\"text-editor.default\">\n\t\t\t\t<div class=\"elementor-widget-container\">\n\t\t\t<style>\/*! elementor - v3.6.5 - 27-04-2022 *\/\n.elementor-widget-text-editor.elementor-drop-cap-view-stacked .elementor-drop-cap{background-color:#818a91;color:#fff}.elementor-widget-text-editor.elementor-drop-cap-view-framed .elementor-drop-cap{color:#818a91;border:3px solid;background-color:transparent}.elementor-widget-text-editor:not(.elementor-drop-cap-view-default) .elementor-drop-cap{margin-top:8px}.elementor-widget-text-editor:not(.elementor-drop-cap-view-default) .elementor-drop-cap-letter{width:1em;height:1em}.elementor-widget-text-editor .elementor-drop-cap{float:left;text-align:center;line-height:1;font-size:50px}.elementor-widget-text-editor .elementor-drop-cap-letter{display:inline-block}<\/style>\t\t\t\t<p>YESEN BURGER, G\u0131da sekt\u00f6r\u00fcnde 20 y\u0131l\u0131 a\u015fk\u0131n s\u00fcrede edinilen tecr\u00fcbelerin bir araya gelmesiyle 250 \u00e7al\u0131\u015fan\u0131m\u0131z kendi \u00fcretimimiz et ve tavuklar\u0131 de\u011ferli misafirlerimiz i\u00e7in bulu\u015fturmaktay\u0131z.<\/p><p>Marmara b\u00f6lgesinde 18 \u015fubemiz mevcut olup, hery\u0131l 10 yeni \u015fube planlamaktay\u0131z. G\u0131da m\u00fchendislerimiz ile sizlere AR-GE yaparak Anadolu damak tad\u0131na uygun lezzetleri EN BURGER GIDA \u00dcRET\u0130M PAZARLAMA SAN.T\u0130C.LTD.\u015eT\u0130 taraf\u0131ndan \u201c B\u0130 YESEN Anlars\u0131n\u201d slogan\u0131m\u0131zla hijyen standartlar\u0131na riayet ederek misafirlerimizle bulu\u015fturmak i\u00e7in m\u00fccadele etmekteyiz.<\/p><p>Markam\u0131z, g\u0131da sekt\u00f6r\u00fcndeki \u00e7e\u015fitli ba\u015far\u0131larla birlikte;<br \/>do\u011fal, kaliteli, inovatif burger lezzetine konsantre olmu\u015f bir tak\u0131m ba\u015far\u0131s\u0131 neticesidir. Do\u011fadan beslenen \u00f6zel \u00e7iftlik danalar\u0131m\u0131zdan elde edilen do\u011fal ve katk\u0131 maddesiz Dana Eti ve \u00f6zel \u201cYESEN BURGER\u201d sosunun harmanlanmas\u0131 ile m\u00fc\u015fterilerimize e\u015fsiz bir lezzet sunmaktay\u0131z.<\/p><p>YESEN BURGER ailesi olarak asla vazge\u00e7ilmeyecek prensiplerimizden olu\u015fan manifestomuz, kalitemizin g\u00fcvencesidir.<\/p>\t\t\t\t\t\t<\/div>\n\t\t\t\t<\/div>\n\t\t\t\t\t<\/div>\n\t\t<\/div>\n\t\t\t\t<div class=\"elementor-column elementor-col-50 elementor-top-column elementor-element elementor-element-7f7b963\" data-id=\"7f7b963\" data-element_type=\"column\">\n\t\t\t<div class=\"elementor-widget-wrap elementor-element-populated\">\n\t\t\t\t\t\t\t\t<div class=\"elementor-element elementor-element-d6b915e elementor-widget elementor-widget-image\" data-id=\"d6b915e\" data-element_type=\"widget\" data-widget_type=\"image.default\">\n\t\t\t\t<div class=\"elementor-widget-container\">\n\t\t\t<style>\/*! elementor - v3.6.5 - 27-04-2022 *\/\n.elementor-widget-image{text-align:center}.elementor-widget-image a{display:inline-block}.elementor-widget-image a img[src$=\".svg\"]{width:48px}.elementor-widget-image img{vertical-align:middle;display:inline-block}<\/style>\t\t\t\t\t\t\t\t\t\t\t\t<img loading=\"lazy\" decoding=\"async\" width=\"296\" height=\"300\" src=\"https:\/\/yesenburger.com\/kurumsal\/wp-content\/uploads\/2022\/06\/hakkimizda-296x300.png\" class=\"attachment-medium size-medium\" alt=\"\" srcset=\"https:\/\/yesenburger.com\/kurumsal\/wp-content\/uploads\/2022\/06\/hakkimizda-296x300.png 296w, https:\/\/yesenburger.com\/kurumsal\/wp-content\/uploads\/2022\/06\/hakkimizda-1011x1024.png 1011w, https:\/\/yesenburger.com\/kurumsal\/wp-content\/uploads\/2022\/06\/hakkimizda-768x778.png 768w, https:\/\/yesenburger.com\/kurumsal\/wp-content\/uploads\/2022\/06\/hakkimizda-1516x1536.png 1516w, https:\/\/yesenburger.com\/kurumsal\/wp-content\/uploads\/2022\/06\/hakkimizda.png 1813w\" sizes=\"auto, (max-width: 296px) 100vw, 296px\" \/>\t\t\t\t\t\t\t\t\t\t\t\t\t\t\t<\/div>\n\t\t\t\t<\/div>\n\t\t\t\t\t<\/div>\n\t\t<\/div>\n\t\t\t\t\t\t\t<\/div>\n\t\t<\/section>\n\t\t\t\t<section class=\"elementor-section elementor-top-section elementor-element elementor-element-08f659c elementor-section-full_width elementor-section-stretched elementor-section-height-default elementor-section-height-default qodef-elementor-content-no\" data-id=\"08f659c\" data-element_type=\"section\" data-settings=\"{&quot;stretch_section&quot;:&quot;section-stretched&quot;}\">\n\t\t\t\t\t\t<div class=\"elementor-container elementor-column-gap-no\">\n\t\t\t\t\t<div class=\"elementor-column elementor-col-100 elementor-top-column elementor-element elementor-element-80b70a9\" data-id=\"80b70a9\" data-element_type=\"column\">\n\t\t\t<div class=\"elementor-widget-wrap elementor-element-populated\">\n\t\t\t\t\t\t\t\t<div class=\"elementor-element elementor-element-e3b445f elementor-widget elementor-widget-image\" data-id=\"e3b445f\" data-element_type=\"widget\" data-widget_type=\"image.default\">\n\t\t\t\t<div class=\"elementor-widget-container\">\n\t\t\t\t\t\t\t\t\t\t\t\t\t\t\t<img loading=\"lazy\" decoding=\"async\" width=\"1024\" height=\"18\" src=\"https:\/\/yesenburger.com\/kurumsal\/wp-content\/uploads\/2022\/05\/footertop-1024x18.png\" class=\"attachment-large size-large\" alt=\"\" srcset=\"https:\/\/yesenburger.com\/kurumsal\/wp-content\/uploads\/2022\/05\/footertop-1024x18.png 1024w, https:\/\/yesenburger.com\/kurumsal\/wp-content\/uploads\/2022\/05\/footertop-300x5.png 300w, https:\/\/yesenburger.com\/kurumsal\/wp-content\/uploads\/2022\/05\/footertop-768x14.png 768w, https:\/\/yesenburger.com\/kurumsal\/wp-content\/uploads\/2022\/05\/footertop-1536x27.png 1536w, https:\/\/yesenburger.com\/kurumsal\/wp-content\/uploads\/2022\/05\/footertop.png 1920w\" sizes=\"auto, (max-width: 1024px) 100vw, 1024px\" \/>\t\t\t\t\t\t\t\t\t\t\t\t\t\t\t<\/div>\n\t\t\t\t<\/div>\n\t\t\t\t\t<\/div>\n\t\t<\/div>\n\t\t\t\t\t\t\t<\/div>\n\t\t<\/section>\n\t\t\t\t<section class=\"elementor-section elementor-top-section elementor-element elementor-element-109c3c4 elementor-section-height-min-height elementor-section-items-top elementor-section-boxed elementor-section-height-default qodef-elementor-content-no\" data-id=\"109c3c4\" data-element_type=\"section\" data-settings=\"{&quot;background_background&quot;:&quot;classic&quot;}\">\n\t\t\t\t\t\t<div class=\"elementor-container elementor-column-gap-default\">\n\t\t\t\t\t<div class=\"elementor-column elementor-col-25 elementor-top-column elementor-element elementor-element-79fd579\" data-id=\"79fd579\" data-element_type=\"column\">\n\t\t\t<div class=\"elementor-widget-wrap elementor-element-populated\">\n\t\t\t\t\t\t\t\t<div class=\"elementor-element elementor-element-5c67fa6 elementor-widget elementor-widget-heading\" data-id=\"5c67fa6\" data-element_type=\"widget\" data-widget_type=\"heading.default\">\n\t\t\t\t<div class=\"elementor-widget-container\">\n\t\t\t<h6 class=\"elementor-heading-title elementor-size-default\">KURUMSAL<\/h6>\t\t<\/div>\n\t\t\t\t<\/div>\n\t\t\t\t<div class=\"elementor-element elementor-element-fe45bfb elementor-widget elementor-widget-heading\" data-id=\"fe45bfb\" data-element_type=\"widget\" data-widget_type=\"heading.default\">\n\t\t\t\t<div class=\"elementor-widget-container\">\n\t\t\t<h6 class=\"elementor-heading-title elementor-size-default\"><a href=\"https:\/\/yesenburger.com\/kurumsal\/hakkimizda\/\">Hakk\u0131m\u0131zda<\/a><\/h6>\t\t<\/div>\n\t\t\t\t<\/div>\n\t\t\t\t<div class=\"elementor-element elementor-element-87983a4 elementor-widget elementor-widget-heading\" data-id=\"87983a4\" data-element_type=\"widget\" data-widget_type=\"heading.default\">\n\t\t\t\t<div class=\"elementor-widget-container\">\n\t\t\t<h6 class=\"elementor-heading-title elementor-size-default\">Yesen Burger<\/h6>\t\t<\/div>\n\t\t\t\t<\/div>\n\t\t\t\t<div class=\"elementor-element elementor-element-2defdca elementor-widget elementor-widget-heading\" data-id=\"2defdca\" data-element_type=\"widget\" data-widget_type=\"heading.default\">\n\t\t\t\t<div class=\"elementor-widget-container\">\n\t\t\t<h6 class=\"elementor-heading-title elementor-size-default\"><a href=\"https:\/\/yesenburger.com\/kurumsal\/franchise\/\">Franchise<\/a><\/h6>\t\t<\/div>\n\t\t\t\t<\/div>\n\t\t\t\t<div class=\"elementor-element elementor-element-6e9db78 elementor-widget elementor-widget-heading\" data-id=\"6e9db78\" data-element_type=\"widget\" data-widget_type=\"heading.default\">\n\t\t\t\t<div class=\"elementor-widget-container\">\n\t\t\t<h6 class=\"elementor-heading-title elementor-size-default\"><a href=\"https:\/\/yesenburger.com\/kurumsal\/kalite-belgelerimiz\/\">Kalite Belgelerimiz<\/a><\/h6>\t\t<\/div>\n\t\t\t\t<\/div>\n\t\t\t\t<div class=\"elementor-element elementor-element-fcd2fd7 elementor-widget elementor-widget-heading\" data-id=\"fcd2fd7\" data-element_type=\"widget\" data-widget_type=\"heading.default\">\n\t\t\t\t<div class=\"elementor-widget-container\">\n\t\t\t<h6 class=\"elementor-heading-title elementor-size-default\">Vizyon &amp; Misyon<\/h6>\t\t<\/div>\n\t\t\t\t<\/div>\n\t\t\t\t\t<\/div>\n\t\t<\/div>\n\t\t\t\t<div class=\"elementor-column elementor-col-25 elementor-top-column elementor-element elementor-element-a5a4546\" data-id=\"a5a4546\" data-element_type=\"column\">\n\t\t\t<div class=\"elementor-widget-wrap elementor-element-populated\">\n\t\t\t\t\t\t\t\t<div class=\"elementor-element elementor-element-b795cfd elementor-widget elementor-widget-heading\" data-id=\"b795cfd\" data-element_type=\"widget\" data-widget_type=\"heading.default\">\n\t\t\t\t<div class=\"elementor-widget-container\">\n\t\t\t<h6 class=\"elementor-heading-title elementor-size-default\">DESTEK<\/h6>\t\t<\/div>\n\t\t\t\t<\/div>\n\t\t\t\t<div class=\"elementor-element elementor-element-a4b4976 elementor-widget elementor-widget-heading\" data-id=\"a4b4976\" data-element_type=\"widget\" data-widget_type=\"heading.default\">\n\t\t\t\t<div class=\"elementor-widget-container\">\n\t\t\t<h6 class=\"elementor-heading-title elementor-size-default\"><a href=\"https:\/\/yesenburger.com\/kurumsal\/iletisim\/\">\u0130leti\u015fim<\/a><\/h6>\t\t<\/div>\n\t\t\t\t<\/div>\n\t\t\t\t<div class=\"elementor-element elementor-element-12d4ce0 elementor-widget elementor-widget-heading\" data-id=\"12d4ce0\" data-element_type=\"widget\" data-widget_type=\"heading.default\">\n\t\t\t\t<div class=\"elementor-widget-container\">\n\t\t\t<h6 class=\"elementor-heading-title elementor-size-default\">M\u00fc\u015fteri Hizmetleri<\/h6>\t\t<\/div>\n\t\t\t\t<\/div>\n\t\t\t\t<div class=\"elementor-element elementor-element-419b57e elementor-widget elementor-widget-heading\" data-id=\"419b57e\" data-element_type=\"widget\" data-widget_type=\"heading.default\">\n\t\t\t\t<div class=\"elementor-widget-container\">\n\t\t\t<h6 class=\"elementor-heading-title elementor-size-default\"><a href=\"mailto:ik@yesenburger.com\">\u0130nsan Kaynaklar\u0131<\/a><\/h6>\t\t<\/div>\n\t\t\t\t<\/div>\n\t\t\t\t<div class=\"elementor-element elementor-element-2b8c06f elementor-widget elementor-widget-heading\" data-id=\"2b8c06f\" data-element_type=\"widget\" data-widget_type=\"heading.default\">\n\t\t\t\t<div class=\"elementor-widget-container\">\n\t\t\t<h6 class=\"elementor-heading-title elementor-size-default\"><a href=\"https:\/\/yesenburger.restapp.com\/\">Online Sipari\u015f<\/a><\/h6>\t\t<\/div>\n\t\t\t\t<\/div>\n\t\t\t\t<div class=\"elementor-element elementor-element-6145801 elementor-widget elementor-widget-heading\" data-id=\"6145801\" data-element_type=\"widget\" data-widget_type=\"heading.default\">\n\t\t\t\t<div class=\"elementor-widget-container\">\n\t\t\t<h6 class=\"elementor-heading-title elementor-size-default\"><a href=\"https:\/\/yesenburger.com\/kurumsal\/subeler\/\">\u015eubeler<\/a><\/h6>\t\t<\/div>\n\t\t\t\t<\/div>\n\t\t\t\t\t<\/div>\n\t\t<\/div>\n\t\t\t\t<div class=\"elementor-column elementor-col-25 elementor-top-column elementor-element elementor-element-a3e367d\" data-id=\"a3e367d\" data-element_type=\"column\">\n\t\t\t<div class=\"elementor-widget-wrap elementor-element-populated\">\n\t\t\t\t\t\t\t\t<div class=\"elementor-element elementor-element-2967a5d elementor-widget elementor-widget-heading\" data-id=\"2967a5d\" data-element_type=\"widget\" data-widget_type=\"heading.default\">\n\t\t\t\t<div class=\"elementor-widget-container\">\n\t\t\t<h6 class=\"elementor-heading-title elementor-size-default\">SOSYAL MEDYA<\/h6>\t\t<\/div>\n\t\t\t\t<\/div>\n\t\t\t\t<div class=\"elementor-element elementor-element-583547a elementor-widget elementor-widget-heading\" data-id=\"583547a\" data-element_type=\"widget\" data-widget_type=\"heading.default\">\n\t\t\t\t<div class=\"elementor-widget-container\">\n\t\t\t<h6 class=\"elementor-heading-title elementor-size-default\"><a href=\"https:\/\/www.facebook.com\/yesenburger\">Facebook<\/a><\/h6>\t\t<\/div>\n\t\t\t\t<\/div>\n\t\t\t\t<div class=\"elementor-element elementor-element-1dc9e2d elementor-widget elementor-widget-heading\" data-id=\"1dc9e2d\" data-element_type=\"widget\" data-widget_type=\"heading.default\">\n\t\t\t\t<div class=\"elementor-widget-container\">\n\t\t\t<h6 class=\"elementor-heading-title elementor-size-default\"><a href=\"https:\/\/www.instagram.com\/yesenburger\/\">\u0130nstagram<\/a><\/h6>\t\t<\/div>\n\t\t\t\t<\/div>\n\t\t\t\t<div class=\"elementor-element elementor-element-7858627 elementor-widget elementor-widget-heading\" data-id=\"7858627\" data-element_type=\"widget\" data-widget_type=\"heading.default\">\n\t\t\t\t<div class=\"elementor-widget-container\">\n\t\t\t<h6 class=\"elementor-heading-title elementor-size-default\"><a href=\"https:\/\/www.youtube.com\/channel\/UCN44oKNmMIoUpO2vwhyi5KQ\">Youtube <\/a><\/h6>\t\t<\/div>\n\t\t\t\t<\/div>\n\t\t\t\t\t<\/div>\n\t\t<\/div>\n\t\t\t\t<div class=\"elementor-column elementor-col-25 elementor-top-column elementor-element elementor-element-1b237ef\" data-id=\"1b237ef\" data-element_type=\"column\">\n\t\t\t<div class=\"elementor-widget-wrap elementor-element-populated\">\n\t\t\t\t\t\t\t\t<div class=\"elementor-element elementor-element-07aa64c elementor-widget elementor-widget-heading\" data-id=\"07aa64c\" data-element_type=\"widget\" data-widget_type=\"heading.default\">\n\t\t\t\t<div class=\"elementor-widget-container\">\n\t\t\t<h6 class=\"elementor-heading-title elementor-size-default\">S\u0130Z\u0130 D\u0130NL\u0130YORUZ<\/h6>\t\t<\/div>\n\t\t\t\t<\/div>\n\t\t\t\t<div class=\"elementor-element elementor-element-e2b741f elementor-widget elementor-widget-heading\" data-id=\"e2b741f\" data-element_type=\"widget\" data-widget_type=\"heading.default\">\n\t\t\t\t<div class=\"elementor-widget-container\">\n\t\t\t<h6 class=\"elementor-heading-title elementor-size-default\"><a href=\"mailto:info@yesenburger.com\">E-Posta G\u00f6ndermek \u0130stiyorum<\/a><\/h6>\t\t<\/div>\n\t\t\t\t<\/div>\n\t\t\t\t<div class=\"elementor-element elementor-element-7cb6433 elementor-widget elementor-widget-heading\" data-id=\"7cb6433\" data-element_type=\"widget\" data-widget_type=\"heading.default\">\n\t\t\t\t<div class=\"elementor-widget-container\">\n\t\t\t<h6 class=\"elementor-heading-title elementor-size-default\"><a href=\"tel:4447030\">444 70 30<\/a><\/h6>\t\t<\/div>\n\t\t\t\t<\/div>\n\t\t\t\t\t<\/div>\n\t\t<\/div>\n\t\t\t\t\t\t\t<\/div>\n\t\t<\/section>\n\t\t\t\t<section class=\"elementor-section elementor-top-section elementor-element elementor-element-7a5eb01 elementor-section-boxed elementor-section-height-default elementor-section-height-default qodef-elementor-content-no\" data-id=\"7a5eb01\" data-element_type=\"section\" data-settings=\"{&quot;background_background&quot;:&quot;classic&quot;}\">\n\t\t\t\t\t\t<div class=\"elementor-container elementor-column-gap-default\">\n\t\t\t\t\t<div class=\"elementor-column elementor-col-50 elementor-top-column elementor-element elementor-element-a2d8912\" data-id=\"a2d8912\" data-element_type=\"column\">\n\t\t\t<div class=\"elementor-widget-wrap elementor-element-populated\">\n\t\t\t\t\t\t\t\t<section class=\"elementor-section elementor-inner-section elementor-element elementor-element-2ce547e elementor-section-boxed elementor-section-height-default elementor-section-height-default qodef-elementor-content-no\" data-id=\"2ce547e\" data-element_type=\"section\">\n\t\t\t\t\t\t<div class=\"elementor-container elementor-column-gap-default\">\n\t\t\t\t\t<div class=\"elementor-column elementor-col-50 elementor-inner-column elementor-element elementor-element-118e9f3\" data-id=\"118e9f3\" data-element_type=\"column\">\n\t\t\t<div class=\"elementor-widget-wrap elementor-element-populated\">\n\t\t\t\t\t\t\t\t<div class=\"elementor-element elementor-element-1184485 elementor-widget elementor-widget-image\" data-id=\"1184485\" data-element_type=\"widget\" data-widget_type=\"image.default\">\n\t\t\t\t<div class=\"elementor-widget-container\">\n\t\t\t\t\t\t\t\t\t\t\t\t\t\t\t<img loading=\"lazy\" decoding=\"async\" width=\"159\" height=\"29\" src=\"https:\/\/yesenburger.com\/kurumsal\/wp-content\/uploads\/2022\/05\/yesen_black.png\" class=\"attachment-medium_large size-medium_large\" alt=\"\" \/>\t\t\t\t\t\t\t\t\t\t\t\t\t\t\t<\/div>\n\t\t\t\t<\/div>\n\t\t\t\t\t<\/div>\n\t\t<\/div>\n\t\t\t\t<div class=\"elementor-column elementor-col-50 elementor-inner-column elementor-element elementor-element-a890075\" data-id=\"a890075\" data-element_type=\"column\">\n\t\t\t<div class=\"elementor-widget-wrap elementor-element-populated\">\n\t\t\t\t\t\t\t\t<div class=\"elementor-element elementor-element-0435277 elementor-widget elementor-widget-text-editor\" data-id=\"0435277\" data-element_type=\"widget\" data-widget_type=\"text-editor.default\">\n\t\t\t\t<div class=\"elementor-widget-container\">\n\t\t\t\t\t\t\t<p>2022 \u00a9 Yesen Burger. Sitede yay\u0131nlanan t\u00fcm i\u00e7erik ve g\u00f6rsellerin hakk\u0131 sakl\u0131d\u0131r.<\/p>\t\t\t\t\t\t<\/div>\n\t\t\t\t<\/div>\n\t\t\t\t\t<\/div>\n\t\t<\/div>\n\t\t\t\t\t\t\t<\/div>\n\t\t<\/section>\n\t\t\t\t\t<\/div>\n\t\t<\/div>\n\t\t\t\t<div class=\"elementor-column elementor-col-50 elementor-top-column elementor-element elementor-element-8d57a84\" data-id=\"8d57a84\" data-element_type=\"column\">\n\t\t\t<div class=\"elementor-widget-wrap elementor-element-populated\">\n\t\t\t\t\t\t\t\t<div class=\"elementor-element elementor-element-c9d61c1 elementor-widget elementor-widget-heading\" data-id=\"c9d61c1\" data-element_type=\"widget\" data-widget_type=\"heading.default\">\n\t\t\t\t<div class=\"elementor-widget-container\">\n\t\t\t<h6 class=\"elementor-heading-title elementor-size-default\"><a href=\"http:\/\/www.grafocus.com\/\">Grafocus<\/a><\/h6>\t\t<\/div>\n\t\t\t\t<\/div>\n\t\t\t\t\t<\/div>\n\t\t<\/div>\n\t\t\t\t\t\t\t<\/div>\n\t\t<\/section>\n\t\t\t\t\t\t\t<\/div>\n\t\t","protected":false},"excerpt":{"rendered":"<p>T\u00fcrkiye&#8217;nin En Lezzetli Markas\u0131 ! YESEN BURGER, G\u0131da sekt\u00f6r\u00fcnde 20 y\u0131l\u0131 a\u015fk\u0131n s\u00fcrede edinilen tecr\u00fcbelerin bir araya gelmesiyle 250 \u00e7al\u0131\u015fan\u0131m\u0131z kendi \u00fcretimimiz et ve tavuklar\u0131 de\u011ferli misafirlerimiz i\u00e7in bulu\u015fturmaktay\u0131z. Marmara b\u00f6lgesinde 18 \u015fubemiz mevcut olup, hery\u0131l 10 yeni \u015fube planlamaktay\u0131z. G\u0131da m\u00fchendislerimiz ile sizlere AR-GE yaparak Anadolu damak tad\u0131na uygun lezzetleri EN BURGER GIDA \u00dcRET\u0130M [&hellip;]<\/p>\n","protected":false},"author":1,"featured_media":0,"parent":0,"menu_order":0,"comment_status":"closed","ping_status":"closed","template":"qi-full-width.php","meta":{"footnotes":""},"class_list":["post-1713","page","type-page","status-publish","hentry"],"_links":{"self":[{"href":"https:\/\/yesenburger.com\/kurumsal\/wp-json\/wp\/v2\/pages\/1713","targetHints":{"allow":["GET"]}}],"collection":[{"href":"https:\/\/yesenburger.com\/kurumsal\/wp-json\/wp\/v2\/pages"}],"about":[{"href":"https:\/\/yesenburger.com\/kurumsal\/wp-json\/wp\/v2\/types\/page"}],"author":[{"embeddable":true,"href":"https:\/\/yesenburger.com\/kurumsal\/wp-json\/wp\/v2\/users\/1"}],"replies":[{"embeddable":true,"href":"https:\/\/yesenburger.com\/kurumsal\/wp-json\/wp\/v2\/comments?post=1713"}],"version-history":[{"count":40,"href":"https:\/\/yesenburger.com\/kurumsal\/wp-json\/wp\/v2\/pages\/1713\/revisions"}],"predecessor-version":[{"id":2168,"href":"https:\/\/yesenburger.com\/kurumsal\/wp-json\/wp\/v2\/pages\/1713\/revisions\/2168"}],"wp:attachment":[{"href":"https:\/\/yesenburger.com\/kurumsal\/wp-json\/wp\/v2\/media?parent=1713"}],"curies":[{"name":"wp","href":"https:\/\/api.w.org\/{rel}","templated":true}]}}